{"id":319,"date":"2020-04-24T00:43:59","date_gmt":"2020-04-24T00:43:59","guid":{"rendered":"http:\/\/underthesurface.blue\/?page_id=319"},"modified":"2024-03-24T06:34:50","modified_gmt":"2024-03-24T06:34:50","slug":"impressum","status":"publish","type":"page","link":"https:\/\/underthesurface.blue\/?page_id=319","title":{"rendered":"Impressum"},"content":{"rendered":"<div class=\"fusion-fullwidth fullwidth-box fusion-builder-row-1 nonhundred-percent-fullwidth non-hundred-percent-height-scrolling\" style=\"--awb-border-radius-top-left:0px;--awb-border-radius-top-right:0px;--awb-border-radius-bottom-right:0px;--awb-border-radius-bottom-left:0px;--awb-flex-wrap:wrap;\" ><div class=\"fusion-builder-row fusion-row\"><div class=\"fusion-layout-column fusion_builder_column fusion-builder-column-0 fusion_builder_column_1_1 1_1 fusion-one-full fusion-column-first fusion-column-last\" style=\"--awb-bg-size:cover;--awb-margin-bottom:0px;\"><div class=\"fusion-column-wrapper fusion-flex-column-wrapper-legacy\"><div class=\"fusion-text fusion-text-1\"><h3 class=\"fusion-responsive-typography-calculated\" style=\"--fontsize: 32; line-height: 1.3; --fontSize:32;\" data-fontsize=\"32\" data-lineheight=\"41.6px\">Impressum<\/h3>\n<p>Dr. Markus Ehmann<br \/>\nEichendorffring 19<br \/>\n85757 Karlsfeld<\/p>\n<p>E-Mail: <a href=\"mailto:impressum@underthesurface.blue\">impressum@underthesurface.blue<\/a><\/p>\n<h4 class=\"fusion-responsive-typography-calculated\" style=\"--fontsize: 28; line-height: 1.36; --fontSize:28;\" data-fontsize=\"28\" data-lineheight=\"38.08px\">Bildrechte:<\/h4>\n<p>Zum Teil: Markus Ehmann<br \/>\nGallery: zwei Taucher an der Oberfl\u00e4che: Yannik Barth<br \/>\nWort-Bild-Marke \/ Logo: <a href=\"https:\/\/www.faktor1.de\/\" target=\"_blank\" rel=\"noopener noreferrer\">FAKTOR 1<\/a><\/p>\n<h3 class=\"fusion-responsive-typography-calculated\" style=\"--fontsize: 32; line-height: 1.3; --fontSize:32;\" data-fontsize=\"32\" data-lineheight=\"41.6px\"><\/h3>\n<h4 class=\"fusion-responsive-typography-calculated\" style=\"--fontsize: 28; line-height: 1.36; --fontSize:28;\" data-fontsize=\"28\" data-lineheight=\"38.08px\">Disclaimer \u2013 rechtliche Hinweise<\/h4>\n<h5 class=\"fusion-responsive-typography-calculated\" style=\"--fontsize: 24; line-height: 1.4; --fontSize:24;\" data-fontsize=\"24\" data-lineheight=\"33.6px\">\u00a7 1 Warnhinweis zu Inhalten<\/h5>\n<p>Die kostenlosen und frei zug\u00e4nglichen Inhalte dieser Webseite wurden mit gr\u00f6\u00dftm\u00f6glicher Sorgfalt erstellt.<br \/>\nDer Anbieter dieser Webseite \u00fcbernimmt jedoch keine Gew\u00e4hr f\u00fcr die Richtigkeit und Aktualit\u00e4t der<br \/>\nbereitgestellten kostenlosen und frei zug\u00e4nglichen journalistischen Ratgeber und Nachrichten. Namentlich<br \/>\ngekennzeichnete Beitr\u00e4ge geben die Meinung des jeweiligen Autors und nicht immer die Meinung des<br \/>\nAnbieters wieder. Allein durch den Aufruf der kostenlosen und frei zug\u00e4nglichen Inhalte kommt keinerlei<br \/>\nVertragsverh\u00e4ltnis zwischen dem Nutzer und dem Anbieter zustande, insoweit fehlt es am<br \/>\nRechtsbindungswillen des Anbieters.<\/p>\n<h5 class=\"fusion-responsive-typography-calculated\" style=\"--fontsize: 24; line-height: 1.4; --fontSize:24;\" data-fontsize=\"24\" data-lineheight=\"33.6px\">\u00a7 2 Externe Links<\/h5>\n<p>Diese Website enth\u00e4lt Verkn\u00fcpfungen zu Websites Dritter (&#8220;externe Links&#8221;). Diese Websites unterliegen der<br \/>\nHaftung der jeweiligen Betreiber. Der Anbieter hat bei der erstmaligen Verkn\u00fcpfung der externen Links die<br \/>\nfremden Inhalte daraufhin \u00fcberpr\u00fcft, ob etwaige Rechtsverst\u00f6\u00dfe bestehen. Zu dem Zeitpunkt waren keine<br \/>\nRechtsverst\u00f6\u00dfe ersichtlich. Der Anbieter hat keinerlei Einfluss auf die aktuelle und zuk\u00fcnftige Gestaltung<br \/>\nund auf die Inhalte der verkn\u00fcpften Seiten. Das Setzen von externen Links bedeutet nicht, dass sich der<br \/>\nAnbieter die hinter dem Verweis oder Link liegenden Inhalte zu Eigen macht. Eine st\u00e4ndige Kontrolle der<br \/>\nexternen Links ist f\u00fcr den Anbieter ohne konkrete Hinweise auf Rechtsverst\u00f6\u00dfe nicht zumutbar. Bei<br \/>\nKenntnis von Rechtsverst\u00f6\u00dfen werden jedoch derartige externe Links unverz\u00fcglich gel\u00f6scht.<\/p>\n<h5 class=\"fusion-responsive-typography-calculated\" style=\"--fontsize: 24; line-height: 1.4; --fontSize:24;\" data-fontsize=\"24\" data-lineheight=\"33.6px\">\u00a7 3 Urheber- und Leistungsschutzrechte<\/h5>\n<p>Die auf dieser Website ver\u00f6ffentlichten Inhalte unterliegen dem deutschen Urheber- und<br \/>\nLeistungsschutzrecht. Jede vom deutschen Urheber- und Leistungsschutzrecht nicht zugelassene<br \/>\nVerwertung bedarf der vorherigen schriftlichen Zustimmung des Anbieters oder jeweiligen Rechteinhabers.<br \/>\nDies gilt insbesondere f\u00fcr Vervielf\u00e4ltigung, Bearbeitung, \u00dcbersetzung, Einspeicherung, Verarbeitung bzw.<br \/>\nWiedergabe von Inhalten in Datenbanken oder anderen elektronischen Medien und Systemen. Inhalte und<br \/>\nRechte Dritter sind dabei als solche gekennzeichnet. Die unerlaubte Vervielf\u00e4ltigung oder Weitergabe<br \/>\neinzelner Inhalte oder kompletter Seiten ist nicht gestattet und strafbar. Lediglich die Herstellung von<br \/>\nKopien und Downloads f\u00fcr den pers\u00f6nlichen, privaten und nicht kommerziellen Gebrauch ist erlaubt.<br \/>\nDie Darstellung dieser Website in fremden Frames ist nur mit schriftlicher Erlaubnis zul\u00e4ssig.<\/p>\n<h5 class=\"fusion-responsive-typography-calculated\" style=\"--fontsize: 24; line-height: 1.4; --fontSize:24;\" data-fontsize=\"24\" data-lineheight=\"33.6px\">\u00a7 4 Besondere Nutzungsbedingungen<\/h5>\n<p>Soweit besondere Bedingungen f\u00fcr einzelne Nutzungen dieser Website von den vorgenannten<br \/>\nParagraphen abweichen, wird an entsprechender Stelle ausdr\u00fccklich darauf hingewiesen. In diesem Falle<br \/>\ngelten im jeweiligen Einzelfall die besonderen Nutzungsbedingungen.<\/p>\n<p>Quelle: <a href=\"https:\/\/www.juraforum.de\/impressum-generator\/\" target=\"_blank\" rel=\"noopener noreferrer\">Impressum Vorlage von JuraForum.de<\/a><\/p>\n<\/div><div class=\"fusion-clearfix\"><\/div><\/div><\/div><\/div><\/div>\n","protected":false},"excerpt":{"rendered":"","protected":false},"author":1,"featured_media":0,"parent":0,"menu_order":0,"comment_status":"closed","ping_status":"closed","template":"","meta":{"footnotes":""},"class_list":["post-319","page","type-page","status-publish","hentry"],"_links":{"self":[{"href":"https:\/\/underthesurface.blue\/index.php?rest_route=\/wp\/v2\/pages\/319","targetHints":{"allow":["GET"]}}],"collection":[{"href":"https:\/\/underthesurface.blue\/index.php?rest_route=\/wp\/v2\/pages"}],"about":[{"href":"https:\/\/underthesurface.blue\/index.php?rest_route=\/wp\/v2\/types\/page"}],"author":[{"embeddable":true,"href":"https:\/\/underthesurface.blue\/index.php?rest_route=\/wp\/v2\/users\/1"}],"replies":[{"embeddable":true,"href":"https:\/\/underthesurface.blue\/index.php?rest_route=%2Fwp%2Fv2%2Fcomments&post=319"}],"version-history":[{"count":14,"href":"https:\/\/underthesurface.blue\/index.php?rest_route=\/wp\/v2\/pages\/319\/revisions"}],"predecessor-version":[{"id":586,"href":"https:\/\/underthesurface.blue\/index.php?rest_route=\/wp\/v2\/pages\/319\/revisions\/586"}],"wp:attachment":[{"href":"https:\/\/underthesurface.blue\/index.php?rest_route=%2Fwp%2Fv2%2Fmedia&parent=319"}],"curies":[{"name":"wp","href":"https:\/\/api.w.org\/{rel}","templated":true}]}}